{"id":3531,"date":"2025-10-01T05:46:40","date_gmt":"2025-10-01T05:46:40","guid":{"rendered":"https:\/\/needfolk.com\/a-propos-de\/"},"modified":"2025-10-12T19:12:22","modified_gmt":"2025-10-12T19:12:22","slug":"a-propos-de","status":"publish","type":"page","link":"https:\/\/needfolk.com\/fr\/a-propos-de\/","title":{"rendered":"A propos"},"content":{"rendered":"<div class=\"wpb-content-wrapper\"><p>[vc_row use_container=\u00a0\u00bbyes\u00a0\u00bb use_predefined_class=\u00a0\u00bbyes\u00a0\u00bb predefined_class=\u00a0\u00bbintroduction\u00a0\u00bb][vc_column offset=\u00a0\u00bbvc_col-md-5&Prime;][ts_text_box]<\/p>\n<h2 data-pm-slice=\"1 1 []\"><strong>Quand la technologie rencontre le talent<\/strong><\/h2>\n<p>[\/ts_text_box][\/vc_column][vc_column offset=\u00a0\u00bbvc_col-md-7&Prime;][ts_text_box]<\/p>\n<h4 data-pm-slice=\"1 1 []\">Chez NeedFolk, nous pensons que la technologie n&rsquo;est pas qu&rsquo;une question de codes et d&rsquo;algorithmes &#8211; il s&rsquo;agit de cr\u00e9er des connexions significatives entre les entreprises, les personnes et l&rsquo;avenir.<\/h4>\n<p data-pm-slice=\"1 1 []\">Nous nous sommes pos\u00e9 la question suivante, <strong>\u00ab\u00a0Pourquoi se contenter de moins quand la bonne solution et les bonnes personnes peuvent tout changer?\u00a0\u00bb<\/strong>. C&rsquo;est cette philosophie qui a guid\u00e9 tout ce que nous avons fait. Notre raison d&rsquo;\u00eatre est de combler le foss\u00e9 entre <strong>l&rsquo;ambition<\/strong> et la <strong>r\u00e9ussite<\/strong>, en veillant \u00e0 ce que les entreprises du monde entier ne se contentent pas de s&rsquo;adapter \u00e0 l&rsquo;\u00e8re num\u00e9rique, mais qu&rsquo;elles en prennent la t\u00eate.<\/p>\n<p>[\/ts_text_box][\/vc_column][\/vc_row][vc_row section_background_color=\u00a0\u00bb#000000&Prime; use_container=\u00a0\u00bbyes\u00a0\u00bb use_predefined_class=\u00a0\u00bbyes\u00a0\u00bb][vc_column offset=\u00a0\u00bbvc_col-md-6&Prime;][ts_awards_box title=\u00a0\u00bbNotre mission\u00a0\u00bb details=\u00a0\u00bb%5B%7B%22list%22%3A%22Acc%C3%A9l%C3%A9rer%20la%20croissance%20en%20fournissant%20des%20talents%20informatiques%20et%20des%20solutions%20innovantes%20qui%20permettent%20aux%20gens%20de%20%3Cstrong%3Er%C3%AAver%20plus%20grand%2C%20d&rsquo;agir%20avec%20audace%20et%20de%20r%C3%A9ussir%20durablement.%3C%2Fstrong%3E%22%7D%5D\u00a0\u00bb][\/vc_column][vc_column offset=\u00a0\u00bbvc_col-md-6&Prime;][ts_awards_box title=\u00a0\u00bbNotre vision\u00a0\u00bb details=\u00a0\u00bb%5B%7B%22list%22%3A%22Nous%20imaginons%20un%20monde%20o%C3%B9%20chaque%20individu%20et%20chaque%20entreprise%20dispose%20des%20outils%20n%C3%A9cessaires%20pour%20transformer%20ses%20%3Cstrong%3Er%C3%AAves%20en%20r%C3%A9alit%C3%A9.%3C%2Fstrong%3E%20Un%20monde%20o%C3%B9%20la%20technologie%20comble%20les%20lacunes%2C%20cr%C3%A9e%20des%20opportunit%C3%A9s%20et%20amplifie%20le%20potentiel%20humain.%22%7D%5D\u00a0\u00bb][\/vc_column][\/vc_row][vc_row use_container=\u00a0\u00bbyes\u00a0\u00bb conter_content=\u00a0\u00bbyes\u00a0\u00bb use_predefined_class=\u00a0\u00bbyes\u00a0\u00bb use_predefined_id=\u00a0\u00bb\u00a0\u00bb predefined_id=\u00a0\u00bb\u00a0\u00bb][vc_column][vc_row_inner content_placement=\u00a0\u00bbmiddle\u00a0\u00bb][vc_column_inner][ts_section_title title=\u00a0\u00bbNOTRE APPROCHE\u00a0\u00bb tagline=\u00a0\u00bbNous commen\u00e7ons par comprendre vos d\u00e9fis et vos objectifs.\u00a0\u00bb][\/vc_column_inner][\/vc_row_inner][vc_row_inner][vc_column_inner width=\u00a0\u00bb1\/4&Prime;][ts_feature title=\u00a0\u00bbD\u00c9COUVERTE\u00a0\u00bb feature_content=\u00a0\u00bb<\/p>\n<ul>\n<li>Comprendre les objectifs et les r\u00eaves de votre entreprise.<\/li>\n<\/ul>\n<p>\u00a0\u00bb icon=\u00a0\u00bb2484&Prime;][\/vc_column_inner][vc_column_inner width=\u00a0\u00bb1\/4&Prime;][ts_feature title=\u00a0\u00bbSTRAT\u00c9GIE\u00a0\u00bb feature_content=\u00a0\u00bb<\/p>\n<ul>\n<li>Planifier une strat\u00e9gie \u00e0 long terme align\u00e9e sur vos objectifs.<\/li>\n<\/ul>\n<p>\u00a0\u00bb icon=\u00a0\u00bb2479&Prime;][\/vc_column_inner][vc_column_inner width=\u00a0\u00bb1\/4&Prime;][ts_feature title=\u00a0\u00bbPR\u00c9STATION\u00a0\u00bb feature_content=\u00a0\u00bb<\/p>\n<ul>\n<li>Fournir une solution qui r\u00e9sout les probl\u00e8mes et inspire les r\u00eaves.<\/li>\n<\/ul>\n<p>\u00a0\u00bb icon=\u00a0\u00bb2485&Prime;][\/vc_column_inner][vc_column_inner width=\u00a0\u00bb1\/4&Prime;][ts_feature feature_content=\u00a0\u00bb<\/p>\n<ul>\n<li>Soutenir les entreprises et les talents pour une r\u00e9ussite \u00e0 long terme.<\/li>\n<\/ul>\n<p>\u00a0\u00bb title=\u00a0\u00bbPARTENARIAT DE CROISSANCE\u00a0\u00bb icon=\u00a0\u00bb2487&Prime;][\/vc_column_inner][\/vc_row_inner][\/vc_column][\/vc_row][vc_row motts_theme_padding=\u00a0\u00bbno\u00a0\u00bb use_predefined_class=\u00a0\u00bbyes\u00a0\u00bb predefined_class=\u00a0\u00bbimage-content\u00a0\u00bb section_background_image=\u00a0\u00bb2452&Prime;][vc_column offset=\u00a0\u00bbvc_col-md-5&Prime;][\/vc_column][vc_column offset=\u00a0\u00bbvc_col-md-7&Prime;][ts_image_with_content animate_block=\u00a0\u00bbyes\u00a0\u00bb animation_type=\u00a0\u00bbfadeInUp\u00a0\u00bb main_image=\u00a0\u00bb1797&Prime; button_url=\u00a0\u00bbhttps:\/\/needfolk.com\/fr\/dites-bonjour\/\u00a0\u00bb small_image=\u00a0\u00bb2416&Prime; button_label=\u00a0\u00bbCONTACTEZ-NOUS\u00a0\u00bb]<\/p>\n<h6 data-pm-slice=\"1 1 []\"><em>R\u00eavez grand, agissez avec audace et inspirez le changement.<\/em><\/h6>\n<h2>NOS VALEURS<\/h2>\n<p data-pm-slice=\"1 1 []\">Nous sommes anim\u00e9s par des <strong>r\u00eaves<\/strong>, car nous pensons que toute r\u00e9alisation commence par une <strong>vision<\/strong>. L&rsquo;innovation alimente notre <strong>croissance<\/strong>, l&rsquo;int\u00e9grit\u00e9 renforce la <strong>confiance<\/strong> et la responsabilisation \u00e9l\u00e8ve les personnes que nous servons.<\/p>\n<p>[\/ts_image_with_content][\/vc_column][\/vc_row][vc_row motts_theme_padding=\u00a0\u00bbno\u00a0\u00bb use_container=\u00a0\u00bbyes\u00a0\u00bb use_predefined_class=\u00a0\u00bbyes\u00a0\u00bb css=\u00a0\u00bb.vc_custom_1747438845709{padding-top: 50px !important;padding-bottom: 50px !important;}\u00a0\u00bb][vc_column width=\u00a0\u00bb1\/4&Prime;][ts_client animate=\u00a0\u00bbyes\u00a0\u00bb animation_type=\u00a0\u00bbfadeInUp\u00a0\u00bb title=\u00a0\u00bbTMNEVENTS\u00a0\u00bb logo=\u00a0\u00bb3936&Prime;][\/vc_column][vc_column width=\u00a0\u00bb1\/4&Prime;][ts_client animate=\u00a0\u00bbyes\u00a0\u00bb animation_type=\u00a0\u00bbfadeInUp\u00a0\u00bb title=\u00a0\u00bbLA PERLE RARE TRAITEUR\u00a0\u00bb logo=\u00a0\u00bb2432&Prime;][\/vc_column][vc_column width=\u00a0\u00bb1\/4&Prime;][ts_client animate=\u00a0\u00bbyes\u00a0\u00bb animation_type=\u00a0\u00bbfadeInUp\u00a0\u00bb logo=\u00a0\u00bb2433&Prime; title=\u00a0\u00bbMYLUGGZ\u00a0\u00bb][\/vc_column][vc_column width=\u00a0\u00bb1\/4&Prime;][ts_client animate=\u00a0\u00bbyes\u00a0\u00bb animation_type=\u00a0\u00bbfadeInUp\u00a0\u00bb title=\u00a0\u00bbPROCHAINEMENT\u00a0\u00bb logo=\u00a0\u00bb3931&Prime;][\/vc_column][\/vc_row]<\/p>\n<\/div>","protected":false},"excerpt":{"rendered":"<p>[vc_row use_container=\u00a0\u00bbyes\u00a0\u00bb use_predefined_class=\u00a0\u00bbyes\u00a0\u00bb predefined_class=\u00a0\u00bbintroduction\u00a0\u00bb][vc_column offset=\u00a0\u00bbvc_col-md-5&Prime;][ts_text_box] Quand la technologie rencontre le talent [\/ts_text_box][\/vc_column][vc_column offset=\u00a0\u00bbvc_col-md-7&Prime;][ts_text_box] Chez NeedFolk, nous pensons que la technologie n&rsquo;est pas qu&rsquo;une question de codes et d&rsquo;algorithmes &#8211; il s&rsquo;agit de cr\u00e9er des connexions significatives entre les entreprises, les personnes et l&rsquo;avenir. Nous nous sommes pos\u00e9 la question suivante, \u00ab\u00a0Pourquoi se contenter de moins [&hellip;]<\/p>\n","protected":false},"author":1,"featured_media":4702,"parent":0,"menu_order":0,"comment_status":"closed","ping_status":"closed","template":"page-builder.php","meta":{"om_disable_all_campaigns":false,"_monsterinsights_skip_tracking":false,"_monsterinsights_sitenote_active":false,"_monsterinsights_sitenote_note":"","_monsterinsights_sitenote_category":0,"_uf_show_specific_survey":0,"_uf_disable_surveys":false,"footnotes":""},"class_list":["post-3531","page","type-page","status-publish","has-post-thumbnail","hentry"],"aioseo_notices":[],"acf":[],"_hostinger_reach_plugin_has_subscription_block":false,"_hostinger_reach_plugin_is_elementor":false,"_links":{"self":[{"href":"https:\/\/needfolk.com\/fr\/wp-json\/wp\/v2\/pages\/3531","targetHints":{"allow":["GET"]}}],"collection":[{"href":"https:\/\/needfolk.com\/fr\/wp-json\/wp\/v2\/pages"}],"about":[{"href":"https:\/\/needfolk.com\/fr\/wp-json\/wp\/v2\/types\/page"}],"author":[{"embeddable":true,"href":"https:\/\/needfolk.com\/fr\/wp-json\/wp\/v2\/users\/1"}],"replies":[{"embeddable":true,"href":"https:\/\/needfolk.com\/fr\/wp-json\/wp\/v2\/comments?post=3531"}],"version-history":[{"count":1,"href":"https:\/\/needfolk.com\/fr\/wp-json\/wp\/v2\/pages\/3531\/revisions"}],"predecessor-version":[{"id":4746,"href":"https:\/\/needfolk.com\/fr\/wp-json\/wp\/v2\/pages\/3531\/revisions\/4746"}],"wp:featuredmedia":[{"embeddable":true,"href":"https:\/\/needfolk.com\/fr\/wp-json\/wp\/v2\/media\/4702"}],"wp:attachment":[{"href":"https:\/\/needfolk.com\/fr\/wp-json\/wp\/v2\/media?parent=3531"}],"curies":[{"name":"wp","href":"https:\/\/api.w.org\/{rel}","templated":true}]}}