{"id":3445,"date":"2025-10-01T08:32:24","date_gmt":"2025-10-01T08:32:24","guid":{"rendered":"https:\/\/needfolk.com\/dites-bonjour\/"},"modified":"2025-11-05T19:30:08","modified_gmt":"2025-11-05T19:30:08","slug":"dites-bonjour","status":"publish","type":"page","link":"https:\/\/needfolk.com\/fr\/dites-bonjour\/","title":{"rendered":"Dites bonjour"},"content":{"rendered":"<div class=\"wpb-content-wrapper\"><p>[vc_row use_container=\u00a0\u00bbyes\u00a0\u00bb use_predefined_class=\u00a0\u00bbyes\u00a0\u00bb][vc_column][vc_row_inner][vc_column_inner][ts_section_title title=\u00a0\u00bbNous serions ravis de vous entendre.\u00a0\u00bb tagline=\u00a0\u00bbRejoignez-nous pour b\u00e2tir un avenir o\u00f9 les r\u00eaves peuvent se r\u00e9aliser.\u00a0\u00bb][\/vc_column_inner][\/vc_row_inner][vc_row_inner][vc_column_inner width=\u00a0\u00bb1\/2&Prime;][tf_address title=\u00a0\u00bbT\u00e9l\u00e9phone :\u00a0\u00bb]<a href=\"tel:+32499485784\">+32 499 48 57 84<\/a>[\/tf_address][tf_address title=\u00a0\u00bbAdresse :\u00a0\u00bb latitude=\u00a0\u00bb27.6828312&Prime; longitude=\u00a0\u00bb85.33308650000001&Prime; description=\u00a0\u00bbOffice\u00a0\u00bb style=\u00a0\u00bb\u00ab\u00a0border: 0;\u00a0\u00bb tabindex=\u00a0\u00bb\u00ab\u00a00\u00ab\u00a0\u00a0\u00bb src=\u00a0\u00bb%60%60https:\/\/www.google.com\/maps\/embed?pb=!1m18!1m12!1m3!1d1508.630298749526!2d-1.2070643083979602!3d52.58719334779005!2m3!1f0!2f0!3f0!3m2!1i1024!2i768!4f13.1!3m3!1m2!1s0x48775da15e09948f%3A0xf64e6339af427a81!2sMill%20Lane%20Play%20Park!5e0!3m2!1str!2str!4v1609075804621!5m2!1str!2str%60%60&Prime; width=\u00a0\u00bb\u00ab\u00a0600\u00ab\u00a0\u00a0\u00bb height=\u00a0\u00bb\u00ab\u00a0450\u00ab\u00a0\u00a0\u00bb frameborder=\u00a0\u00bb\u00ab\u00a00\u00ab\u00a0\u00a0\u00bb allowfullscreen=\u00a0\u00bballowfullscreen\u00a0\u00bb]Blauwstraat 17<br \/>\n9551 Ressegem<br \/>\nBelgique[\/tf_address][\/vc_column_inner][vc_column_inner width=\u00a0\u00bb1\/2&Prime;][tf_address title=\u00a0\u00bbE-mail :\u00a0\u00bb]<a href=\"mailto:contact@needfolk.com\">contact@needfolk.com<\/a>[\/tf_address][\/vc_column_inner][\/vc_row_inner]\n<div class=\"wpcf7 no-js\" id=\"wpcf7-f4766-o1\" lang=\"fr-FR\" dir=\"ltr\" data-wpcf7-id=\"4766\">\n<div class=\"screen-reader-response\"><p role=\"status\" aria-live=\"polite\" aria-atomic=\"true\"><\/p> <ul><\/ul><\/div>\n<form action=\"\/fr\/wp-json\/wp\/v2\/pages\/3445#wpcf7-f4766-o1\" method=\"post\" class=\"wpcf7-form init\" aria-label=\"Formulaire de contact\" novalidate=\"novalidate\" data-status=\"init\">\n<fieldset class=\"hidden-fields-container\"><input type=\"hidden\" name=\"_wpcf7\" value=\"4766\" \/><input type=\"hidden\" name=\"_wpcf7_version\" value=\"6.1.4\" \/><input type=\"hidden\" name=\"_wpcf7_locale\" value=\"fr_FR\" \/><input type=\"hidden\" name=\"_wpcf7_unit_tag\" value=\"wpcf7-f4766-o1\" \/><input type=\"hidden\" name=\"_wpcf7_container_post\" value=\"0\" \/><input type=\"hidden\" name=\"_wpcf7_posted_data_hash\" value=\"\" \/><input type=\"hidden\" name=\"_wpcf7_recaptcha_response\" value=\"\" \/>\n<\/fieldset>\n<p><label> Pr\u00e9nom<br \/>\n<span class=\"wpcf7-form-control-wrap\" data-name=\"first-name\"><input size=\"40\" maxlength=\"400\" class=\"wpcf7-form-control wpcf7-text wpcf7-validates-as-required\" autocomplete=\"name\" aria-required=\"true\" aria-invalid=\"false\" value=\"\" type=\"text\" name=\"first-name\" \/><\/span> <\/label>\n<\/p>\n<p><label> Nom<br \/>\n<span class=\"wpcf7-form-control-wrap\" data-name=\"last-name\"><input size=\"40\" maxlength=\"400\" class=\"wpcf7-form-control wpcf7-text wpcf7-validates-as-required\" autocomplete=\"name\" aria-required=\"true\" aria-invalid=\"false\" value=\"\" type=\"text\" name=\"last-name\" \/><\/span> <\/label>\n<\/p>\n<p><label> Votre email<br \/>\n<span class=\"wpcf7-form-control-wrap\" data-name=\"your-email\"><input size=\"40\" maxlength=\"400\" class=\"wpcf7-form-control wpcf7-email wpcf7-validates-as-required wpcf7-text wpcf7-validates-as-email\" autocomplete=\"email\" aria-required=\"true\" aria-invalid=\"false\" value=\"\" type=\"email\" name=\"your-email\" \/><\/span> <\/label>\n<\/p>\n<p><label> T\u00e9l\u00e9phone<br \/>\n<span class=\"wpcf7-form-control-wrap\" data-name=\"your-tel\"><input size=\"40\" maxlength=\"400\" class=\"wpcf7-form-control wpcf7-text wpcf7-validates-as-required\" aria-required=\"true\" aria-invalid=\"false\" value=\"\" type=\"text\" name=\"your-tel\" \/><\/span> <\/label>\n<\/p>\n<p><label> Que construisez-vous ?<br \/>\n<span class=\"wpcf7-form-control-wrap\" data-name=\"options\"><span class=\"wpcf7-form-control wpcf7-radio\"><span class=\"wpcf7-list-item first\"><label><input type=\"radio\" name=\"options\" value=\"Site web\" \/><span class=\"wpcf7-list-item-label\">Site web<\/span><\/label><\/span><span class=\"wpcf7-list-item\"><label><input type=\"radio\" name=\"options\" value=\"Application\" \/><span class=\"wpcf7-list-item-label\">Application<\/span><\/label><\/span><span class=\"wpcf7-list-item last\"><label><input type=\"radio\" name=\"options\" value=\"Recrutement\" \/><span class=\"wpcf7-list-item-label\">Recrutement<\/span><\/label><\/span><\/span><\/span> <\/label>\n<\/p>\n<p><label> Votre message (facultatif)<br \/>\n<span class=\"wpcf7-form-control-wrap\" data-name=\"your-message\"><textarea cols=\"40\" rows=\"10\" maxlength=\"2000\" class=\"wpcf7-form-control wpcf7-textarea\" aria-invalid=\"false\" name=\"your-message\"><\/textarea><\/span> <\/label>\n<\/p>\n<p><input class=\"wpcf7-form-control wpcf7-submit has-spinner\" type=\"submit\" value=\"Soumettre\" \/>\n<\/p><div class=\"wpcf7-response-output\" aria-hidden=\"true\"><\/div>\n<\/form>\n<\/div>\n[\/vc_column][\/vc_row]<\/p>\n<\/div>","protected":false},"excerpt":{"rendered":"<p>[vc_row use_container=\u00a0\u00bbyes\u00a0\u00bb use_predefined_class=\u00a0\u00bbyes\u00a0\u00bb][vc_column][vc_row_inner][vc_column_inner][ts_section_title title=\u00a0\u00bbNous serions ravis de vous entendre.\u00a0\u00bb tagline=\u00a0\u00bbRejoignez-nous pour b\u00e2tir un avenir o\u00f9 les r\u00eaves peuvent se r\u00e9aliser.\u00a0\u00bb][\/vc_column_inner][\/vc_row_inner][vc_row_inner][vc_column_inner width=\u00a0\u00bb1\/2&Prime;][tf_address title=\u00a0\u00bbT\u00e9l\u00e9phone :\u00a0\u00bb]+32 499 48 57 84[\/tf_address][tf_address title=\u00a0\u00bbAdresse :\u00a0\u00bb latitude=\u00a0\u00bb27.6828312&Prime; longitude=\u00a0\u00bb85.33308650000001&Prime; description=\u00a0\u00bbOffice\u00a0\u00bb style=\u00a0\u00bb\u00ab\u00a0border: 0;\u00a0\u00bb tabindex=\u00a0\u00bb\u00ab\u00a00\u00ab\u00a0\u00a0\u00bb src=\u00a0\u00bb%60%60https:\/\/www.google.com\/maps\/embed?pb=!1m18!1m12!1m3!1d1508.630298749526!2d-1.2070643083979602!3d52.58719334779005!2m3!1f0!2f0!3f0!3m2!1i1024!2i768!4f13.1!3m3!1m2!1s0x48775da15e09948f%3A0xf64e6339af427a81!2sMill%20Lane%20Play%20Park!5e0!3m2!1str!2str!4v1609075804621!5m2!1str!2str%60%60&Prime; width=\u00a0\u00bb\u00ab\u00a0600\u00ab\u00a0\u00a0\u00bb height=\u00a0\u00bb\u00ab\u00a0450\u00ab\u00a0\u00a0\u00bb frameborder=\u00a0\u00bb\u00ab\u00a00\u00ab\u00a0\u00a0\u00bb allowfullscreen=\u00a0\u00bballowfullscreen\u00a0\u00bb]Blauwstraat 17 9551 Ressegem Belgique[\/tf_address][\/vc_column_inner][vc_column_inner width=\u00a0\u00bb1\/2&Prime;][tf_address title=\u00a0\u00bbE-mail :\u00a0\u00bb]contact@needfolk.com[\/tf_address][\/vc_column_inner][\/vc_row_inner][\/vc_column][\/vc_row]<\/p>\n","protected":false},"author":1,"featured_media":4665,"parent":0,"menu_order":0,"comment_status":"closed","ping_status":"closed","template":"page-builder.php","meta":{"om_disable_all_campaigns":false,"_monsterinsights_skip_tracking":false,"_monsterinsights_sitenote_active":false,"_monsterinsights_sitenote_note":"","_monsterinsights_sitenote_category":0,"_uf_show_specific_survey":0,"_uf_disable_surveys":false,"footnotes":""},"class_list":["post-3445","page","type-page","status-publish","has-post-thumbnail","hentry"],"aioseo_notices":[],"acf":[],"_hostinger_reach_plugin_has_subscription_block":false,"_hostinger_reach_plugin_is_elementor":false,"_links":{"self":[{"href":"https:\/\/needfolk.com\/fr\/wp-json\/wp\/v2\/pages\/3445","targetHints":{"allow":["GET"]}}],"collection":[{"href":"https:\/\/needfolk.com\/fr\/wp-json\/wp\/v2\/pages"}],"about":[{"href":"https:\/\/needfolk.com\/fr\/wp-json\/wp\/v2\/types\/page"}],"author":[{"embeddable":true,"href":"https:\/\/needfolk.com\/fr\/wp-json\/wp\/v2\/users\/1"}],"replies":[{"embeddable":true,"href":"https:\/\/needfolk.com\/fr\/wp-json\/wp\/v2\/comments?post=3445"}],"version-history":[{"count":6,"href":"https:\/\/needfolk.com\/fr\/wp-json\/wp\/v2\/pages\/3445\/revisions"}],"predecessor-version":[{"id":4769,"href":"https:\/\/needfolk.com\/fr\/wp-json\/wp\/v2\/pages\/3445\/revisions\/4769"}],"wp:featuredmedia":[{"embeddable":true,"href":"https:\/\/needfolk.com\/fr\/wp-json\/wp\/v2\/media\/4665"}],"wp:attachment":[{"href":"https:\/\/needfolk.com\/fr\/wp-json\/wp\/v2\/media?parent=3445"}],"curies":[{"name":"wp","href":"https:\/\/api.w.org\/{rel}","templated":true}]}}