{"id":3440,"date":"2025-10-01T04:22:09","date_gmt":"2025-10-01T04:22:09","guid":{"rendered":"https:\/\/needfolk.com\/needfolk\/"},"modified":"2025-11-10T23:35:38","modified_gmt":"2025-11-10T23:35:38","slug":"needfolk","status":"publish","type":"page","link":"https:\/\/needfolk.com\/fr\/","title":{"rendered":"NeedFolk"},"content":{"rendered":"<div class=\"wpb-content-wrapper\"><p>[vc_row anchor_wrap_section=\u00a0\u00bbno\u00a0\u00bb][vc_column][ts_hero_slider hero_slider=\u00a0\u00bb1765&Prime;][\/vc_column][\/vc_row][vc_row section_background_color=\u00a0\u00bb#000000&Prime; use_predefined_class=\u00a0\u00bbyes\u00a0\u00bb][vc_column][ts_portfolio total_count=\u00a0\u00bb5&Prime;][\/vc_column][\/vc_row][vc_row use_container=\u00a0\u00bbyes\u00a0\u00bb use_predefined_class=\u00a0\u00bbyes\u00a0\u00bb][vc_column offset=\u00a0\u00bbvc_col-md-5&Prime;][ts_side_content title=\u00a0\u00bbNOS SERVICES CHEZ NEEDFOLK\u00a0\u00bb description=\u00a0\u00bbNous fournissons des sites web, des logiciels et des services de recrutement informatique.\u00a0\u00bb][\/vc_column][vc_column offset=\u00a0\u00bbvc_col-md-7&Prime;][vc_row_inner][vc_column_inner width=\u00a0\u00bb1\/3&Prime;][ts_feature animate_block=\u00a0\u00bbyes\u00a0\u00bb animation_type=\u00a0\u00bbfadeInUp\u00a0\u00bb title=\u00a0\u00bbSites Web et Conception Web\u00a0\u00bb feature_content=\u00a0\u00bb\u2013 Cr\u00e9ez Votre Pr\u00e9sence Digital\u00a0\u00bb][vc_column_text css_animation=\u00a0\u00bbfadeInUp\u00a0\u00bb css=\u00a0\u00bb\u00a0\u00bb]<\/p>\n<p data-pm-slice=\"1 3 []\">Nous concevons et d\u00e9veloppons <strong>des sites web optimis\u00e9s<\/strong> pour le <strong>r\u00e9f\u00e9rencement<\/strong> et <strong>adapt\u00e9s \u00e0 vos objectifs<\/strong> :<\/p>\n<ul data-spread=\"false\">\n<li><strong>Site Web Basique<\/strong> : pour les petites entreprises ou les start-ups qui ont besoin d&rsquo;une pr\u00e9sence professionnelle en ligne.<\/li>\n<li><strong>Site Web Professionnel<\/strong> : pour les entreprises en pleine croissance, avec commerce \u00e9lectronique, r\u00e9f\u00e9rencement avanc\u00e9 et contenu dynamique.<\/li>\n<li><strong>Site Web D&rsquo;entreprise<\/strong> : pour les grandes organisations, avec int\u00e9grations, s\u00e9curit\u00e9 et \u00e9volutivit\u00e9.<\/li>\n<\/ul>\n<p>[\/vc_column_text][\/vc_column_inner][vc_column_inner width=\u00a0\u00bb1\/3&Prime;][ts_feature animate_block=\u00a0\u00bbyes\u00a0\u00bb animation_type=\u00a0\u00bbfadeInUp\u00a0\u00bb title=\u00a0\u00bbRecrutement Informatique\u00a0\u00bb feature_content=\u00a0\u00bb\u2013 Les bonnes personnes\u00a0\u00bb][vc_column_text css=\u00a0\u00bb\u00a0\u00bb]<\/p>\n<p data-pm-slice=\"1 1 []\">Trouver les bons talents informatiques est essentiel \u00e0 la croissance num\u00e9rique. Que vous ayez besoin <strong>de freelances, de prestataires ou d&#8217;employ\u00e9s \u00e0 temps plein<\/strong>.<\/p>\n<ul>\n<li data-start=\"1091\" data-end=\"1268\">\n<p data-start=\"1093\" data-end=\"1268\"><strong>Recrutement standard<\/strong> \u2013 Recherche et placement \u00e0 la demande.<\/p>\n<\/li>\n<li data-start=\"1269\" data-end=\"1452\">\n<p data-start=\"1271\" data-end=\"1452\"><strong>Recrutement premium<\/strong> \u2013 Recrutement hautement prioritaire.<\/p>\n<\/li>\n<li data-start=\"1453\" data-end=\"1655\">\n<p data-start=\"1455\" data-end=\"1655\"><strong>Recherche de profils cadres<\/strong> \u2013 Recherche sur mesure de profils de direction et de profils rares.<\/p>\n<\/li>\n<li data-start=\"1656\" data-end=\"1833\">\n<p data-start=\"1658\" data-end=\"1833\"><strong>Recrutement mensuel<\/strong> \u2013 Recrutement continu pour vos besoins r\u00e9guliers.<\/p>\n<\/li>\n<\/ul>\n<p>[\/vc_column_text][\/vc_column_inner][vc_column_inner width=\u00a0\u00bb1\/3&Prime;][ts_feature animate_block=\u00a0\u00bbyes\u00a0\u00bb animation_type=\u00a0\u00bbfadeInUp\u00a0\u00bb title=\u00a0\u00bbApplications et logiciels\u00a0\u00bb feature_content=\u00a0\u00bb\u2013 Solutions Digital Personnalis\u00e9es\u00a0\u00bb][vc_column_text css=\u00a0\u00bb\u00a0\u00bb]<\/p>\n<p data-pm-slice=\"1 3 []\">Des<strong> applications mobiles<\/strong> aux <strong>logiciels personnalis\u00e9s<\/strong>, nos solutions sont con\u00e7ues pour am\u00e9liorer <strong>l&rsquo;efficacit\u00e9<\/strong> et <strong>l&rsquo;engagement<\/strong> :<\/p>\n<ul data-spread=\"false\">\n<li><strong>D\u00e9veloppement d&rsquo;applications mobiles<\/strong> (iOS et Android)<\/li>\n<li><strong>Solutions logicielles personnalis\u00e9es<\/strong> pour l&rsquo;automatisation et l&rsquo;\u00e9volutivit\u00e9<\/li>\n<li><strong>Conception UX\/UI<\/strong> pour une exp\u00e9rience utilisateur intuitive<\/li>\n<li><strong>D\u00e9veloppement web<\/strong> <strong>e-commerce<\/strong> pour des r\u00e9sultats ax\u00e9s sur les ventes<\/li>\n<\/ul>\n<p>[\/vc_column_text][\/vc_column_inner][\/vc_row_inner][\/vc_column][\/vc_row][vc_row motts_theme_padding=\u00a0\u00bbno\u00a0\u00bb use_predefined_class=\u00a0\u00bbyes\u00a0\u00bb section_background_image=\u00a0\u00bb2435&Prime;][vc_column offset=\u00a0\u00bbvc_col-md-5&Prime;][\/vc_column][vc_column offset=\u00a0\u00bbvc_col-md-7&Prime; css=\u00a0\u00bb.vc_custom_1738612422735{border-color: #FFFFFF !important;}\u00a0\u00bb][ts_image_with_content animate_block=\u00a0\u00bbyes\u00a0\u00bb animation_type=\u00a0\u00bbfadeInUp\u00a0\u00bb main_image=\u00a0\u00bb1797&Prime; button_url=\u00a0\u00bbhttps:\/\/needfolk.com\/about\/\u00a0\u00bb small_image=\u00a0\u00bb2429&Prime; button_label=\u00a0\u00bbJETEZ UN COUP D&rsquo;OEIL\u00a0\u00bb]<\/p>\n<h2 style=\"font-size: 30px;\">The Trusted Partner For Succes<\/h2>\n<h1 style=\"font-size: 60px;\"><strong>Welcome to NeedFolk<\/strong><\/h1>\n<p data-pm-slice=\"1 1 []\">The trusted <strong>digital partner in Belgium<\/strong> for <strong>IT recruitment, custom websites, apps, and software solutions<\/strong>. We believe in a world <em>\u201cwhere dreams become reality\u201d<\/em>. By combining <strong>talent<\/strong> and <strong>technology<\/strong>, we empower people and businesses to dream bigger, act boldly, and achieve lasting impact. Whether you are a <strong>start-up<\/strong>, a <strong>growing SME<\/strong>, or a <strong>visionary professional<\/strong>, our tailored digital solutions will help you thrive.<\/p>\n<p>[\/ts_image_with_content][\/vc_column][\/vc_row][vc_row motts_theme_padding=\u00a0\u00bbno\u00a0\u00bb use_container=\u00a0\u00bbyes\u00a0\u00bb use_predefined_class=\u00a0\u00bbyes\u00a0\u00bb css=\u00a0\u00bb.vc_custom_1747438146487{padding-top: 50px !important;padding-bottom: 50px !important;}\u00a0\u00bb][vc_column width=\u00a0\u00bb1\/4&Prime;][ts_client animate=\u00a0\u00bbyes\u00a0\u00bb animation_type=\u00a0\u00bbfadeInUp\u00a0\u00bb title=\u00a0\u00bbTMNEVENTS\u00a0\u00bb logo=\u00a0\u00bb3936&Prime;][\/vc_column][vc_column width=\u00a0\u00bb1\/4&Prime;][ts_client animate=\u00a0\u00bbyes\u00a0\u00bb animation_type=\u00a0\u00bbfadeInUp\u00a0\u00bb title=\u00a0\u00bbLA PERLE RARE TRAITEUR\u00a0\u00bb logo=\u00a0\u00bb2432&Prime;][\/vc_column][vc_column width=\u00a0\u00bb1\/4&Prime;][ts_client animate=\u00a0\u00bbyes\u00a0\u00bb animation_type=\u00a0\u00bbfadeInUp\u00a0\u00bb logo=\u00a0\u00bb2433&Prime; title=\u00a0\u00bbMYLUGGZ\u00a0\u00bb][\/vc_column][vc_column width=\u00a0\u00bb1\/4&Prime;][ts_client animate=\u00a0\u00bbyes\u00a0\u00bb animation_type=\u00a0\u00bbfadeInUp\u00a0\u00bb title=\u00a0\u00bbPROCHAINEMENT\u00a0\u00bb logo=\u00a0\u00bb3931&Prime;][\/vc_column][\/vc_row]<\/p>\n<\/div>","protected":false},"excerpt":{"rendered":"<p>[vc_row anchor_wrap_section=\u00a0\u00bbno\u00a0\u00bb][vc_column][ts_hero_slider hero_slider=\u00a0\u00bb1765&Prime;][\/vc_column][\/vc_row][vc_row section_background_color=\u00a0\u00bb#000000&Prime; use_predefined_class=\u00a0\u00bbyes\u00a0\u00bb][vc_column][ts_portfolio total_count=\u00a0\u00bb5&Prime;][\/vc_column][\/vc_row][vc_row use_container=\u00a0\u00bbyes\u00a0\u00bb use_predefined_class=\u00a0\u00bbyes\u00a0\u00bb][vc_column offset=\u00a0\u00bbvc_col-md-5&Prime;][ts_side_content title=\u00a0\u00bbNOS SERVICES CHEZ NEEDFOLK\u00a0\u00bb description=\u00a0\u00bbNous fournissons des sites web, des logiciels et des services de recrutement informatique.\u00a0\u00bb][\/vc_column][vc_column offset=\u00a0\u00bbvc_col-md-7&Prime;][vc_row_inner][vc_column_inner width=\u00a0\u00bb1\/3&Prime;][ts_feature animate_block=\u00a0\u00bbyes\u00a0\u00bb animation_type=\u00a0\u00bbfadeInUp\u00a0\u00bb title=\u00a0\u00bbSites Web et Conception Web\u00a0\u00bb feature_content=\u00a0\u00bb\u2013 Cr\u00e9ez Votre Pr\u00e9sence Digital\u00a0\u00bb][vc_column_text css_animation=\u00a0\u00bbfadeInUp\u00a0\u00bb css=\u00a0\u00bb\u00a0\u00bb] Nous concevons et d\u00e9veloppons des sites web optimis\u00e9s pour le r\u00e9f\u00e9rencement et adapt\u00e9s [&hellip;]<\/p>\n","protected":false},"author":1,"featured_media":4696,"parent":0,"menu_order":0,"comment_status":"closed","ping_status":"closed","template":"page-builder.php","meta":{"om_disable_all_campaigns":false,"_monsterinsights_skip_tracking":false,"_monsterinsights_sitenote_active":false,"_monsterinsights_sitenote_note":"","_monsterinsights_sitenote_category":0,"_uf_show_specific_survey":0,"_uf_disable_surveys":false,"footnotes":""},"class_list":["post-3440","page","type-page","status-publish","has-post-thumbnail","hentry"],"aioseo_notices":[],"acf":[],"_hostinger_reach_plugin_has_subscription_block":false,"_hostinger_reach_plugin_is_elementor":false,"_links":{"self":[{"href":"https:\/\/needfolk.com\/fr\/wp-json\/wp\/v2\/pages\/3440","targetHints":{"allow":["GET"]}}],"collection":[{"href":"https:\/\/needfolk.com\/fr\/wp-json\/wp\/v2\/pages"}],"about":[{"href":"https:\/\/needfolk.com\/fr\/wp-json\/wp\/v2\/types\/page"}],"author":[{"embeddable":true,"href":"https:\/\/needfolk.com\/fr\/wp-json\/wp\/v2\/users\/1"}],"replies":[{"embeddable":true,"href":"https:\/\/needfolk.com\/fr\/wp-json\/wp\/v2\/comments?post=3440"}],"version-history":[{"count":3,"href":"https:\/\/needfolk.com\/fr\/wp-json\/wp\/v2\/pages\/3440\/revisions"}],"predecessor-version":[{"id":4805,"href":"https:\/\/needfolk.com\/fr\/wp-json\/wp\/v2\/pages\/3440\/revisions\/4805"}],"wp:featuredmedia":[{"embeddable":true,"href":"https:\/\/needfolk.com\/fr\/wp-json\/wp\/v2\/media\/4696"}],"wp:attachment":[{"href":"https:\/\/needfolk.com\/fr\/wp-json\/wp\/v2\/media?parent=3440"}],"curies":[{"name":"wp","href":"https:\/\/api.w.org\/{rel}","templated":true}]}}