{"id":3527,"date":"2025-10-01T04:22:09","date_gmt":"2025-10-01T04:22:09","guid":{"rendered":"https:\/\/needfolk.com\/needfolk\/"},"modified":"2025-11-10T23:38:30","modified_gmt":"2025-11-10T23:38:30","slug":"needfolk","status":"publish","type":"page","link":"https:\/\/needfolk.com\/es\/","title":{"rendered":"NeedFolk"},"content":{"rendered":"<div class=\"wpb-content-wrapper\"><p>[vc_row anchor_wrap_section=\u00bbno\u00bb][vc_column][ts_hero_slider hero_slider=\u00bb1765&#8243;][\/vc_column][\/vc_row][vc_row section_background_color=\u00bb#000000&#8243; use_predefined_class=\u00bbyes\u00bb][vc_column][ts_portfolio total_count=\u00bb5&#8243;][\/vc_column][\/vc_row][vc_row use_container=\u00bbyes\u00bb use_predefined_class=\u00bbyes\u00bb][vc_column offset=\u00bbvc_col-md-5&#8243;][ts_side_content title=\u00bbNUESTROS SERVICIOS EN NEEDFOLK\u00bb description=\u00bbOfrecemos p\u00e1ginas web, software y selecci\u00f3n de personal en TI.\u00bb][\/vc_column][vc_column offset=\u00bbvc_col-md-7&#8243;][vc_row_inner][vc_column_inner width=\u00bb1\/3&#8243;][ts_feature animate_block=\u00bbyes\u00bb animation_type=\u00bbfadeInUp\u00bb title=\u00bbP\u00e1ginas Web y Dise\u00f1o Web\u00bb feature_content=\u00bb\u2013 Crea tu presencia digital\u00bb][vc_column_text css_animation=\u00bbfadeInUp\u00bb css=\u00bb\u00bb]<\/p>\n<p data-pm-slice=\"1 3 []\">Dise\u00f1amos y desarrollamos <strong>sitios web optimizados para SEO, con capacidad de respuesta<\/strong> y adaptados a tus objetivos:<\/p>\n<ul data-spread=\"false\">\n<li><strong>Sitio web b\u00e1sico:<\/strong> Para peque\u00f1as empresas o startups que necesitan una presencia online profesional.<\/li>\n<li><strong>Sitio web profesional:<\/strong> Para empresas en crecimiento, con comercio electr\u00f3nico, SEO avanzado y contenido din\u00e1mico.<\/li>\n<li><strong>Sitio web para empresas:<\/strong> Para grandes organizaciones, con integraciones, seguridad y escalabilidad.<\/li>\n<\/ul>\n<p>[\/vc_column_text][\/vc_column_inner][vc_column_inner width=\u00bb1\/3&#8243;][ts_feature animate_block=\u00bbyes\u00bb animation_type=\u00bbfadeInUp\u00bb title=\u00bbContrataci\u00f3n de Personal de TI\u00bb feature_content=\u00bb\u2013 Las personas adecuadas, de inmediato\u00bb][vc_column_text css=\u00bb\u00bb]<\/p>\n<p data-pm-slice=\"1 1 []\">Encontrar el talento inform\u00e1tico adecuado es clave para el crecimiento digital. Tanto si necesitas <strong>aut\u00f3nomos, contratistas o empleados a tiempo completo<\/strong>.<\/p>\n<ul>\n<li data-start=\"1091\" data-end=\"1268\">\n<p data-start=\"1093\" data-end=\"1268\"><strong data-start=\"1093\" data-end=\"1117\">Contrataci\u00f3n est\u00e1ndar<\/strong> &#8211; Contrataci\u00f3n y colocaci\u00f3n \u00fanicas.<\/p>\n<\/li>\n<li data-start=\"1269\" data-end=\"1452\">\n<p data-start=\"1271\" data-end=\"1452\"><strong data-start=\"1271\" data-end=\"1294\">Contrataci\u00f3n Premium<\/strong> &#8211; Contrataci\u00f3n de alta prioridad.<\/p>\n<\/li>\n<li data-start=\"1453\" data-end=\"1655\">\n<p data-start=\"1455\" data-end=\"1655\"><strong data-start=\"1455\" data-end=\"1475\">Executive Search<\/strong> &#8211; Headhunting a medida para perfiles de nivel C y poco comunes.<\/p>\n<\/li>\n<li data-start=\"1656\" data-end=\"1833\">\n<p data-start=\"1658\" data-end=\"1833\">Reclutamiento <strong data-start=\"1658\" data-end=\"1681\">mensual<\/strong> &#8211; Reclutamiento continuo para necesidades constantes.<\/p>\n<\/li>\n<\/ul>\n<p>[\/vc_column_text][\/vc_column_inner][vc_column_inner width=\u00bb1\/3&#8243;][ts_feature animate_block=\u00bbyes\u00bb animation_type=\u00bbfadeInUp\u00bb title=\u00bbAplicaciones y Software\u00bb feature_content=\u00bb\u2013 Soluciones digitales personalizadas\u00bb][vc_column_text css=\u00bb\u00bb]<\/p>\n<p data-pm-slice=\"1 3 []\">Desde <strong>aplicaciones m\u00f3viles<\/strong> hasta <strong>software a medida<\/strong>, nuestras soluciones est\u00e1n dise\u00f1adas para aumentar la eficacia y el compromiso:<\/p>\n<ul data-spread=\"false\">\n<li><strong>Desarrollo de aplicaciones m\u00f3viles<\/strong> (iOS y Android)<\/li>\n<li><strong>Soluciones de software personalizadas<\/strong> para automatizaci\u00f3n y escalabilidad<\/li>\n<li><strong>Dise\u00f1o UX\/UI<\/strong> para experiencias de usuario intuitivas<\/li>\n<li><strong>Desarrollo web de comercio electr\u00f3nico<\/strong> para resultados impulsados por las ventas<\/li>\n<\/ul>\n<p>[\/vc_column_text][\/vc_column_inner][\/vc_row_inner][\/vc_column][\/vc_row][vc_row motts_theme_padding=\u00bbno\u00bb use_predefined_class=\u00bbyes\u00bb section_background_image=\u00bb2435&#8243;][vc_column offset=\u00bbvc_col-md-5&#8243;][\/vc_column][vc_column offset=\u00bbvc_col-md-7&#8243; css=\u00bb.vc_custom_1738612422735{border-color: #FFFFFF !important;}\u00bb][ts_image_with_content animate_block=\u00bbyes\u00bb animation_type=\u00bbfadeInUp\u00bb main_image=\u00bb1797&#8243; button_url=\u00bbhttps:\/\/needfolk.com\/about\/\u00bb small_image=\u00bb2429&#8243; button_label=\u00bbECHE UN VISTAZO\u00bb]<\/p>\n<h2 style=\"font-size: 30px;\">El socio de confianza para el \u00e9xito<\/h2>\n<h1 style=\"font-size: 60px;\"><strong>Bienvenido a NeedFolk<\/strong><\/h1>\n<p data-pm-slice=\"1 1 []\">El <strong>socio digital<\/strong> de confianza <strong>en B\u00e9lgica<\/strong> para <strong>contrataci\u00f3n inform\u00e1tica, sitios web personalizados, aplicaciones y soluciones de software<\/strong>. Creemos en un mundo <em>\u00abdonde los sue\u00f1os se hacen realidad\u00bb.<\/em> Combinando <strong>talento<\/strong> y <strong>tecnolog\u00eda<\/strong>, capacitamos a personas y empresas para so\u00f1ar a lo grande, actuar con valent\u00eda y lograr un impacto duradero. Tanto si eres una <strong>start-up<\/strong>, una <strong>PYME en crecimiento<\/strong> o un <strong>profesional visionario<\/strong>, nuestras soluciones digitales a medida te ayudar\u00e1n a prosperar.<\/p>\n<p>[\/ts_image_with_content][\/vc_column][\/vc_row][vc_row motts_theme_padding=\u00bbno\u00bb use_container=\u00bbyes\u00bb use_predefined_class=\u00bbyes\u00bb css=\u00bb.vc_custom_1747438146487{padding-top: 50px !important;padding-bottom: 50px !important;}\u00bb][vc_column width=\u00bb1\/4&#8243;][ts_client animate=\u00bbyes\u00bb animation_type=\u00bbfadeInUp\u00bb title=\u00bbTMNEVENTS\u00bb logo=\u00bb3936&#8243;][\/vc_column][vc_column width=\u00bb1\/4&#8243;][ts_client animate=\u00bbyes\u00bb animation_type=\u00bbfadeInUp\u00bb title=\u00bbLA PERLE RARE TRAITEUR\u00bb logo=\u00bb2432&#8243;][\/vc_column][vc_column width=\u00bb1\/4&#8243;][ts_client animate=\u00bbyes\u00bb animation_type=\u00bbfadeInUp\u00bb logo=\u00bb2433&#8243; title=\u00bbMYLUGGZ\u00bb][\/vc_column][vc_column width=\u00bb1\/4&#8243;][ts_client animate=\u00bbyes\u00bb animation_type=\u00bbfadeInUp\u00bb title=\u00bbPR\u00d3XIMAMENTE\u00bb logo=\u00bb3931&#8243;][\/vc_column][\/vc_row]<\/p>\n<\/div>","protected":false},"excerpt":{"rendered":"<p>[vc_row anchor_wrap_section=\u00bbno\u00bb][vc_column][ts_hero_slider hero_slider=\u00bb1765&#8243;][\/vc_column][\/vc_row][vc_row section_background_color=\u00bb#000000&#8243; use_predefined_class=\u00bbyes\u00bb][vc_column][ts_portfolio total_count=\u00bb5&#8243;][\/vc_column][\/vc_row][vc_row use_container=\u00bbyes\u00bb use_predefined_class=\u00bbyes\u00bb][vc_column offset=\u00bbvc_col-md-5&#8243;][ts_side_content title=\u00bbNUESTROS SERVICIOS EN NEEDFOLK\u00bb description=\u00bbOfrecemos p\u00e1ginas web, software y selecci\u00f3n de personal en TI.\u00bb][\/vc_column][vc_column offset=\u00bbvc_col-md-7&#8243;][vc_row_inner][vc_column_inner width=\u00bb1\/3&#8243;][ts_feature animate_block=\u00bbyes\u00bb animation_type=\u00bbfadeInUp\u00bb title=\u00bbP\u00e1ginas Web y Dise\u00f1o Web\u00bb feature_content=\u00bb\u2013 Crea tu presencia digital\u00bb][vc_column_text css_animation=\u00bbfadeInUp\u00bb css=\u00bb\u00bb] Dise\u00f1amos y desarrollamos sitios web optimizados para SEO, con capacidad de respuesta y adaptados a tus [&hellip;]<\/p>\n","protected":false},"author":1,"featured_media":4698,"parent":0,"menu_order":0,"comment_status":"closed","ping_status":"closed","template":"page-builder.php","meta":{"om_disable_all_campaigns":false,"_monsterinsights_skip_tracking":false,"_monsterinsights_sitenote_active":false,"_monsterinsights_sitenote_note":"","_monsterinsights_sitenote_category":0,"_uf_show_specific_survey":0,"_uf_disable_surveys":false,"footnotes":""},"class_list":["post-3527","page","type-page","status-publish","has-post-thumbnail","hentry"],"aioseo_notices":[],"acf":[],"_hostinger_reach_plugin_has_subscription_block":false,"_hostinger_reach_plugin_is_elementor":false,"_links":{"self":[{"href":"https:\/\/needfolk.com\/es\/wp-json\/wp\/v2\/pages\/3527","targetHints":{"allow":["GET"]}}],"collection":[{"href":"https:\/\/needfolk.com\/es\/wp-json\/wp\/v2\/pages"}],"about":[{"href":"https:\/\/needfolk.com\/es\/wp-json\/wp\/v2\/types\/page"}],"author":[{"embeddable":true,"href":"https:\/\/needfolk.com\/es\/wp-json\/wp\/v2\/users\/1"}],"replies":[{"embeddable":true,"href":"https:\/\/needfolk.com\/es\/wp-json\/wp\/v2\/comments?post=3527"}],"version-history":[{"count":1,"href":"https:\/\/needfolk.com\/es\/wp-json\/wp\/v2\/pages\/3527\/revisions"}],"predecessor-version":[{"id":4808,"href":"https:\/\/needfolk.com\/es\/wp-json\/wp\/v2\/pages\/3527\/revisions\/4808"}],"wp:featuredmedia":[{"embeddable":true,"href":"https:\/\/needfolk.com\/es\/wp-json\/wp\/v2\/media\/4698"}],"wp:attachment":[{"href":"https:\/\/needfolk.com\/es\/wp-json\/wp\/v2\/media?parent=3527"}],"curies":[{"name":"wp","href":"https:\/\/api.w.org\/{rel}","templated":true}]}}