{"id":3444,"date":"2025-10-01T05:46:40","date_gmt":"2025-10-01T05:46:40","guid":{"rendered":"https:\/\/needfolk.com\/acerca-de\/"},"modified":"2025-10-12T19:05:48","modified_gmt":"2025-10-12T19:05:48","slug":"acerca-de","status":"publish","type":"page","link":"https:\/\/needfolk.com\/es\/acerca-de\/","title":{"rendered":"Acerca de"},"content":{"rendered":"<div class=\"wpb-content-wrapper\"><p>[vc_row use_container=\u00bbyes\u00bb use_predefined_class=\u00bbyes\u00bb predefined_class=\u00bbintroduction\u00bb][vc_column offset=\u00bbvc_col-md-5&#8243;][ts_text_box]<\/p>\n<h2 data-pm-slice=\"1 1 []\"><strong>Donde la tecnolog\u00eda se une al talento<\/strong><\/h2>\n<p>[\/ts_text_box][\/vc_column][vc_column offset=\u00bbvc_col-md-7&#8243;][ts_text_box]<\/p>\n<h4 data-pm-slice=\"1 1 []\">En NeedFolk, creemos que la tecnolog\u00eda no consiste s\u00f3lo en c\u00f3digos y algoritmos, sino en crear conexiones significativas entre las empresas, las personas y el futuro.<\/h4>\n<p data-pm-slice=\"1 1 []\">Nos hemos preguntado, <strong>\u00ab\u00bfPor qu\u00e9 conformarse con menos cuando la tecnolog\u00eda y el talento adecuados podr\u00edan transformar tu negocio?\u00bb<\/strong>. Esta mentalidad hab\u00eda impulsado todo lo que hac\u00edamos. Hab\u00edamos existido para salvar la distancia entre la <strong>ambici\u00f3n<\/strong> y la <strong>ejecuci\u00f3n<\/strong>, asegur\u00e1ndonos de que las empresas de todo el mundo no s\u00f3lo se hab\u00edan adaptado a la era digital, sino que la hab\u00edan liderado.<\/p>\n<p>[\/ts_text_box][\/vc_column][\/vc_row][vc_row section_background_color=\u00bb#000000&#8243; use_container=\u00bbyes\u00bb use_predefined_class=\u00bbyes\u00bb][vc_column offset=\u00bbvc_col-md-6&#8243;][ts_awards_box title=\u00bbNuestra misi\u00f3n\u00bb details=\u00bb%5B%7B%22list%22%3A%22Acelerar%20el%20crecimiento%20proporcionando%20talento%20inform%C3%A1tico%20y%20soluciones%20innovadoras%20que%20permitan%20a%20las%20personas%20so%C3%B1ar%20en%20grande%2C%20actuar%20con%20%3Cstrong%3Eaudacia%20y%20alcanzar%20logros%20de%20forma%20sostenible.%3C%2Fstrong%3E%22%7D%5D\u00bb][\/vc_column][vc_column offset=\u00bbvc_col-md-6&#8243;][ts_awards_box title=\u00bbNuestra visi\u00f3n\u00bb details=\u00bb%5B%7B%22list%22%3A%22Imaginamos%20un%20mundo%20en%20el%20que%20todas%20las%20personas%20y%20empresas%20dispongan%20de%20las%20herramientas%20necesarias%20para%20%3Cstrong%3Ehacer%20realidad%20sus%20sue%C3%B1os.%3C%2Fstrong%3E%20Un%20mundo%20en%20el%20que%20la%20tecnolog%C3%ADa%20acorte%20distancias%2C%20cree%20oportunidades%20y%20amplifique%20el%20potencial%20humano.%22%7D%5D\u00bb][\/vc_column][\/vc_row][vc_row use_container=\u00bbyes\u00bb conter_content=\u00bbyes\u00bb use_predefined_class=\u00bbyes\u00bb use_predefined_id=\u00bb\u00bb predefined_id=\u00bb\u00bb][vc_column][vc_row_inner content_placement=\u00bbmiddle\u00bb][vc_column_inner][ts_section_title title=\u00bbNUESTRO ENFOQUE\u00bb tagline=\u00bbEmpezamos por el porqu\u00e9, entendiendo sus retos y objetivos.\u00bb][\/vc_column_inner][\/vc_row_inner][vc_row_inner][vc_column_inner width=\u00bb1\/4&#8243;][ts_feature title=\u00bbDESCUBRIMIENTO\u00bb feature_content=\u00bb<\/p>\n<ul>\n<li>Comprender sus objetivos y sue\u00f1os empresariales.<\/li>\n<\/ul>\n<p>\u00bb icon=\u00bb2484&#8243;][\/vc_column_inner][vc_column_inner width=\u00bb1\/4&#8243;][ts_feature title=\u00bbESTRATEGIZA\u00bb feature_content=\u00bb<\/p>\n<ul>\n<li>Planificar una estrategia a largo plazo alineada con los objetivos empresariales.<\/li>\n<\/ul>\n<p>\u00bb icon=\u00bb2479&#8243;][\/vc_column_inner][vc_column_inner width=\u00bb1\/4&#8243;][ts_feature title=\u00bbENTREGAR\u00bb feature_content=\u00bb<\/p>\n<ul>\n<li>Aportar soluciones que resuelvan problemas e inspiren sue\u00f1os.<\/li>\n<\/ul>\n<p>\u00bb icon=\u00bb2485&#8243;][\/vc_column_inner][vc_column_inner width=\u00bb1\/4&#8243;][ts_feature feature_content=\u00bb<\/p>\n<ul>\n<li>Apoyar tanto a las empresas como al talento para lograr el \u00e9xito a largo plazo.<\/li>\n<\/ul>\n<p>\u00bb title=\u00bbASOCIACI\u00d3N PARA EL CRECIMIENTO\u00bb icon=\u00bb2487&#8243;][\/vc_column_inner][\/vc_row_inner][\/vc_column][\/vc_row][vc_row motts_theme_padding=\u00bbno\u00bb use_predefined_class=\u00bbyes\u00bb predefined_class=\u00bbimage-content\u00bb section_background_image=\u00bb2452&#8243;][vc_column offset=\u00bbvc_col-md-5&#8243;][\/vc_column][vc_column offset=\u00bbvc_col-md-7&#8243;][ts_image_with_content animate_block=\u00bbyes\u00bb animation_type=\u00bbfadeInUp\u00bb main_image=\u00bb1797&#8243; button_label=\u00bbCONTACTE CON NOSTROS\u00bb button_url=\u00bbhttps:\/\/needfolk.com\/es\/saluda\/\u00bb small_image=\u00bb2416&#8243;]<\/p>\n<h6 data-pm-slice=\"1 1 []\"><em>Sue\u00f1a a lo grande, act\u00faa con valent\u00eda e inspira el cambio.<\/em><\/h6>\n<h2>NUESTROS VALORES<\/h2>\n<p data-pm-slice=\"1 1 []\">Estamos impulsados por los sue\u00f1os y creemos que todo logro comienza con una visi\u00f3n. La innovaci\u00f3n impulsa nuestro crecimiento, la integridad genera confianza y la capacitaci\u00f3n eleva a las personas a las que servimos.<\/p>\n<p>[\/ts_image_with_content][\/vc_column][\/vc_row][vc_row motts_theme_padding=\u00bbno\u00bb use_container=\u00bbyes\u00bb use_predefined_class=\u00bbyes\u00bb css=\u00bb.vc_custom_1747438845709{padding-top: 50px !important;padding-bottom: 50px !important;}\u00bb][vc_column width=\u00bb1\/4&#8243;][ts_client animate=\u00bbyes\u00bb animation_type=\u00bbfadeInUp\u00bb title=\u00bbTMNEVENTS\u00bb logo=\u00bb3936&#8243;][\/vc_column][vc_column width=\u00bb1\/4&#8243;][ts_client animate=\u00bbyes\u00bb animation_type=\u00bbfadeInUp\u00bb title=\u00bbLA PERLE RARE TRAITEUR\u00bb logo=\u00bb2432&#8243;][\/vc_column][vc_column width=\u00bb1\/4&#8243;][ts_client animate=\u00bbyes\u00bb animation_type=\u00bbfadeInUp\u00bb logo=\u00bb2433&#8243; title=\u00bbMYLUGGZ\u00bb][\/vc_column][vc_column width=\u00bb1\/4&#8243;][ts_client animate=\u00bbyes\u00bb animation_type=\u00bbfadeInUp\u00bb title=\u00bbPR\u00d3XIMAMENTE\u00bb logo=\u00bb3931&#8243;][\/vc_column][\/vc_row]<\/p>\n<\/div>","protected":false},"excerpt":{"rendered":"<p>[vc_row use_container=\u00bbyes\u00bb use_predefined_class=\u00bbyes\u00bb predefined_class=\u00bbintroduction\u00bb][vc_column offset=\u00bbvc_col-md-5&#8243;][ts_text_box] Donde la tecnolog\u00eda se une al talento [\/ts_text_box][\/vc_column][vc_column offset=\u00bbvc_col-md-7&#8243;][ts_text_box] En NeedFolk, creemos que la tecnolog\u00eda no consiste s\u00f3lo en c\u00f3digos y algoritmos, sino en crear conexiones significativas entre las empresas, las personas y el futuro. Nos hemos preguntado, \u00ab\u00bfPor qu\u00e9 conformarse con menos cuando la tecnolog\u00eda y el talento adecuados [&hellip;]<\/p>\n","protected":false},"author":1,"featured_media":4704,"parent":0,"menu_order":0,"comment_status":"closed","ping_status":"closed","template":"page-builder.php","meta":{"om_disable_all_campaigns":false,"_monsterinsights_skip_tracking":false,"_monsterinsights_sitenote_active":false,"_monsterinsights_sitenote_note":"","_monsterinsights_sitenote_category":0,"_uf_show_specific_survey":0,"_uf_disable_surveys":false,"footnotes":""},"class_list":["post-3444","page","type-page","status-publish","has-post-thumbnail","hentry"],"aioseo_notices":[],"acf":[],"_hostinger_reach_plugin_has_subscription_block":false,"_hostinger_reach_plugin_is_elementor":false,"_links":{"self":[{"href":"https:\/\/needfolk.com\/es\/wp-json\/wp\/v2\/pages\/3444","targetHints":{"allow":["GET"]}}],"collection":[{"href":"https:\/\/needfolk.com\/es\/wp-json\/wp\/v2\/pages"}],"about":[{"href":"https:\/\/needfolk.com\/es\/wp-json\/wp\/v2\/types\/page"}],"author":[{"embeddable":true,"href":"https:\/\/needfolk.com\/es\/wp-json\/wp\/v2\/users\/1"}],"replies":[{"embeddable":true,"href":"https:\/\/needfolk.com\/es\/wp-json\/wp\/v2\/comments?post=3444"}],"version-history":[{"count":1,"href":"https:\/\/needfolk.com\/es\/wp-json\/wp\/v2\/pages\/3444\/revisions"}],"predecessor-version":[{"id":4744,"href":"https:\/\/needfolk.com\/es\/wp-json\/wp\/v2\/pages\/3444\/revisions\/4744"}],"wp:featuredmedia":[{"embeddable":true,"href":"https:\/\/needfolk.com\/es\/wp-json\/wp\/v2\/media\/4704"}],"wp:attachment":[{"href":"https:\/\/needfolk.com\/es\/wp-json\/wp\/v2\/media?parent=3444"}],"curies":[{"name":"wp","href":"https:\/\/api.w.org\/{rel}","templated":true}]}}