{"id":3507,"date":"2025-10-01T04:22:09","date_gmt":"2025-10-01T04:22:09","guid":{"rendered":"https:\/\/needfolk.com\/needfolk\/"},"modified":"2025-11-10T23:37:50","modified_gmt":"2025-11-10T23:37:50","slug":"needfolk","status":"publish","type":"page","link":"https:\/\/needfolk.com\/de\/","title":{"rendered":"NeedFolk"},"content":{"rendered":"<div class=\"wpb-content-wrapper\"><p>[vc_row anchor_wrap_section=&#8220;no&#8220;][vc_column][ts_hero_slider hero_slider=&#8220;1765&#8243;][\/vc_column][\/vc_row][vc_row section_background_color=&#8220;#000000&#8243; use_predefined_class=&#8220;yes&#8220;][vc_column][ts_portfolio total_count=&#8220;5&#8243;][\/vc_column][\/vc_row][vc_row use_container=&#8220;yes&#8220; use_predefined_class=&#8220;yes&#8220;][vc_column offset=&#8220;vc_col-md-5&#8243;][ts_side_content title=&#8220;UNSERE DIENSTLEISTUNGEN BEI NEEDFOLK&#8220; description=&#8220;Wir bieten Websites, Software und IT-Personalvermittlung.&#8220;][\/vc_column][vc_column offset=&#8220;vc_col-md-7&#8243;][vc_row_inner][vc_column_inner width=&#8220;1\/3&#8243;][ts_feature animate_block=&#8220;yes&#8220; animation_type=&#8220;fadeInUp&#8220; title=&#8220;Websites &amp; Web Design&#8220; feature_content=&#8220;\u2013 Bauen Sie Ihre digitale Pr\u00e4senz auf&#8220;][vc_column_text css_animation=&#8220;fadeInUp&#8220; css=&#8220;&#8220;]<\/p>\n<p data-pm-slice=\"1 3 []\">Wir entwerfen und entwickeln <strong>SEO-optimierte, responsive Websites<\/strong>, die auf Ihre Ziele zugeschnitten sind:<\/p>\n<ul data-spread=\"false\">\n<li><strong>Basis Website<\/strong>: F\u00fcr kleine Unternehmen oder Start-ups, die eine professionelle Online-Pr\u00e4senz ben\u00f6tigen.<\/li>\n<li><strong>Professionelle Website<\/strong>: F\u00fcr wachsende Unternehmen, mit E-Commerce, fortschrittlicher Suchmaschinenoptimierung und dynamischen Inhalten.<\/li>\n<li><strong>Unternehmenswebsite<\/strong>: F\u00fcr gro\u00dfe Organisationen, mit Integrationen, Sicherheit und Skalierbarkeit.<\/li>\n<\/ul>\n<p>[\/vc_column_text][\/vc_column_inner][vc_column_inner width=&#8220;1\/3&#8243;][ts_feature animate_block=&#8220;yes&#8220; animation_type=&#8220;fadeInUp&#8220; title=&#8220;IT Personalvermittlung&#8220; feature_content=&#8220;\u2013 Die richtigen Leute, sofort&#8220;][vc_column_text css=&#8220;&#8220;]<\/p>\n<p data-pm-slice=\"1 1 []\">Die richtigen IT-Talente zu finden, ist der Schl\u00fcssel zum digitalen Wachstum. Ganz gleich, ob Sie <strong>Freiberufler, Auftragnehmer oder Vollzeitmitarbeiter ben\u00f6tigen<\/strong>.<\/p>\n<ul>\n<li data-start=\"1091\" data-end=\"1268\">\n<p data-start=\"1093\" data-end=\"1268\"><strong data-start=\"1093\" data-end=\"1117\">Standard Personalvermittlung<\/strong> \u2013 Einmalige Suche und Vermittlung.<\/p>\n<\/li>\n<li data-start=\"1269\" data-end=\"1452\">\n<p data-start=\"1271\" data-end=\"1452\"><strong data-start=\"1271\" data-end=\"1294\">Premium Personalvermittlung<\/strong> \u2013 Einstellung mit hoher Priorit\u00e4t.<\/p>\n<\/li>\n<li data-start=\"1453\" data-end=\"1655\">\n<p data-start=\"1455\" data-end=\"1655\"><strong data-start=\"1455\" data-end=\"1475\">Executive Search<\/strong> \u2013 Ma\u00dfgeschneiderte Headhunting f\u00fcr C-Level- und seltene Profile.<\/p>\n<\/li>\n<li data-start=\"1656\" data-end=\"1833\">\n<p data-start=\"1658\" data-end=\"1833\"><strong data-start=\"1658\" data-end=\"1681\">Monatliche Personalvermittlung <\/strong>\u2013 Laufende Personalvermittlung f\u00fcr konstanten Bedarf.<\/p>\n<\/li>\n<\/ul>\n<p>[\/vc_column_text][\/vc_column_inner][vc_column_inner width=&#8220;1\/3&#8243;][ts_feature animate_block=&#8220;yes&#8220; animation_type=&#8220;fadeInUp&#8220; title=&#8220;Apps &amp; Software&#8220; feature_content=&#8220;\u2013 Ma\u00dfgeschneiderte digitale L\u00f6sungen&#8220;][vc_column_text css=&#8220;&#8220;]<\/p>\n<p data-pm-slice=\"1 3 []\">Von <strong>Mobilen Apps<\/strong> bis hin zu <strong>ma\u00dfgeschneiderter Software<\/strong> \u2013 unsere L\u00f6sungen sind darauf ausgelegt, Effizienz und Engagement zu steigern:<\/p>\n<ul data-spread=\"false\">\n<li><strong>Mobile App Development<\/strong> (iOS &amp; Android)<\/li>\n<li><strong>Ma\u00dfgeschneiderte Softwarel\u00f6sungen<\/strong> f\u00fcr Automatisierung und Skalierbarkeit<\/li>\n<li><strong>UX\/UI Design<\/strong> f\u00fcr intuitive Benutzererfahrungen<\/li>\n<li><strong>E-Commerce-Webentwicklung<\/strong> f\u00fcr verkaufsorientierte Ergebnisse<\/li>\n<\/ul>\n<p>[\/vc_column_text][\/vc_column_inner][\/vc_row_inner][\/vc_column][\/vc_row][vc_row motts_theme_padding=&#8220;no&#8220; use_predefined_class=&#8220;yes&#8220; section_background_image=&#8220;2435&#8243;][vc_column offset=&#8220;vc_col-md-5&#8243;][\/vc_column][vc_column offset=&#8220;vc_col-md-7&#8243; css=&#8220;.vc_custom_1738612422735{border-color: #FFFFFF !important;}&#8220;][ts_image_with_content animate_block=&#8220;yes&#8220; animation_type=&#8220;fadeInUp&#8220; main_image=&#8220;1797&#8243; button_url=&#8220;https:\/\/needfolk.com\/de\/ueber\/&#8220; small_image=&#8220;2429&#8243; button_label=&#8220;SCHAUEN SIE MAL&#8220;]<\/p>\n<h2 style=\"font-size: 30px;\">Der vertrauensw\u00fcrdige Partner f\u00fcr Ihren Erfolg<\/h2>\n<h1 style=\"font-size: 60px;\"><strong>Willkommen bei NeedFolk<\/strong><\/h1>\n<p data-pm-slice=\"1 1 []\">Der vertrauensw\u00fcrdige <strong>digitale Partner in Belgien<\/strong> f\u00fcr <strong>IT-Personalbeschaffung, ma\u00dfgeschneiderte Websites, Apps und Softwarel\u00f6sungen<\/strong>. Wir glauben an eine Welt,<em> \u201ein der Tr\u00e4ume Wirklichkeit werden\u201c<\/em>. Durch die Kombination von <strong>Talent <\/strong>und <strong>Technologie <\/strong>bef\u00e4higen wir Menschen und Unternehmen, gr\u00f6\u00dfere Tr\u00e4ume zu haben, mutig zu handeln und nachhaltige Wirkung zu erzielen. Ob Sie ein <strong>Start-up<\/strong>, ein <strong>wachsendes KMU<\/strong> oder ein <strong>vision\u00e4rer Fachmann<\/strong> sind, unsere ma\u00dfgeschneiderten digitalen L\u00f6sungen helfen Ihnen, erfolgreich zu sein.<\/p>\n<p>[\/ts_image_with_content][\/vc_column][\/vc_row][vc_row motts_theme_padding=&#8220;no&#8220; use_container=&#8220;yes&#8220; use_predefined_class=&#8220;yes&#8220; css=&#8220;.vc_custom_1747438146487{padding-top: 50px !important;padding-bottom: 50px !important;}&#8220;][vc_column width=&#8220;1\/4&#8243;][ts_client animate=&#8220;yes&#8220; animation_type=&#8220;fadeInUp&#8220; title=&#8220;TMNEVENTS&#8220; logo=&#8220;3936&#8243;][\/vc_column][vc_column width=&#8220;1\/4&#8243;][ts_client animate=&#8220;yes&#8220; animation_type=&#8220;fadeInUp&#8220; title=&#8220;LA PERLE RARE TRAITEUR&#8220; logo=&#8220;2432&#8243;][\/vc_column][vc_column width=&#8220;1\/4&#8243;][ts_client animate=&#8220;yes&#8220; animation_type=&#8220;fadeInUp&#8220; logo=&#8220;2433&#8243; title=&#8220;MYLUGGZ&#8220;][\/vc_column][vc_column width=&#8220;1\/4&#8243;][ts_client animate=&#8220;yes&#8220; animation_type=&#8220;fadeInUp&#8220; title=&#8220;DEMN\u00c4CHST&#8220; logo=&#8220;3931&#8243;][\/vc_column][\/vc_row]<\/p>\n<\/div>","protected":false},"excerpt":{"rendered":"<p>[vc_row anchor_wrap_section=&#8220;no&#8220;][vc_column][ts_hero_slider hero_slider=&#8220;1765&#8243;][\/vc_column][\/vc_row][vc_row section_background_color=&#8220;#000000&#8243; use_predefined_class=&#8220;yes&#8220;][vc_column][ts_portfolio total_count=&#8220;5&#8243;][\/vc_column][\/vc_row][vc_row use_container=&#8220;yes&#8220; use_predefined_class=&#8220;yes&#8220;][vc_column offset=&#8220;vc_col-md-5&#8243;][ts_side_content title=&#8220;UNSERE DIENSTLEISTUNGEN BEI NEEDFOLK&#8220; description=&#8220;Wir bieten Websites, Software und IT-Personalvermittlung.&#8220;][\/vc_column][vc_column offset=&#8220;vc_col-md-7&#8243;][vc_row_inner][vc_column_inner width=&#8220;1\/3&#8243;][ts_feature animate_block=&#8220;yes&#8220; animation_type=&#8220;fadeInUp&#8220; title=&#8220;Websites &amp; Web Design&#8220; feature_content=&#8220;\u2013 Bauen Sie Ihre digitale Pr\u00e4senz auf&#8220;][vc_column_text css_animation=&#8220;fadeInUp&#8220; css=&#8220;&#8220;] Wir entwerfen und entwickeln SEO-optimierte, responsive Websites, die auf Ihre Ziele zugeschnitten sind: Basis Website: F\u00fcr kleine Unternehmen oder [&hellip;]<\/p>\n","protected":false},"author":1,"featured_media":4697,"parent":0,"menu_order":0,"comment_status":"closed","ping_status":"closed","template":"page-builder.php","meta":{"om_disable_all_campaigns":false,"_monsterinsights_skip_tracking":false,"_monsterinsights_sitenote_active":false,"_monsterinsights_sitenote_note":"","_monsterinsights_sitenote_category":0,"_uf_show_specific_survey":0,"_uf_disable_surveys":false,"footnotes":""},"class_list":["post-3507","page","type-page","status-publish","has-post-thumbnail","hentry"],"aioseo_notices":[],"acf":[],"_hostinger_reach_plugin_has_subscription_block":false,"_hostinger_reach_plugin_is_elementor":false,"_links":{"self":[{"href":"https:\/\/needfolk.com\/de\/wp-json\/wp\/v2\/pages\/3507","targetHints":{"allow":["GET"]}}],"collection":[{"href":"https:\/\/needfolk.com\/de\/wp-json\/wp\/v2\/pages"}],"about":[{"href":"https:\/\/needfolk.com\/de\/wp-json\/wp\/v2\/types\/page"}],"author":[{"embeddable":true,"href":"https:\/\/needfolk.com\/de\/wp-json\/wp\/v2\/users\/1"}],"replies":[{"embeddable":true,"href":"https:\/\/needfolk.com\/de\/wp-json\/wp\/v2\/comments?post=3507"}],"version-history":[{"count":1,"href":"https:\/\/needfolk.com\/de\/wp-json\/wp\/v2\/pages\/3507\/revisions"}],"predecessor-version":[{"id":4807,"href":"https:\/\/needfolk.com\/de\/wp-json\/wp\/v2\/pages\/3507\/revisions\/4807"}],"wp:featuredmedia":[{"embeddable":true,"href":"https:\/\/needfolk.com\/de\/wp-json\/wp\/v2\/media\/4697"}],"wp:attachment":[{"href":"https:\/\/needfolk.com\/de\/wp-json\/wp\/v2\/media?parent=3507"}],"curies":[{"name":"wp","href":"https:\/\/api.w.org\/{rel}","templated":true}]}}