{"id":3458,"date":"2025-10-01T05:46:40","date_gmt":"2025-10-01T05:46:40","guid":{"rendered":"https:\/\/needfolk.com\/ueber\/"},"modified":"2025-10-12T19:10:44","modified_gmt":"2025-10-12T19:10:44","slug":"ueber","status":"publish","type":"page","link":"https:\/\/needfolk.com\/de\/ueber\/","title":{"rendered":"\u00dcber"},"content":{"rendered":"<div class=\"wpb-content-wrapper\"><p>[vc_row use_container=&#8220;yes&#8220; use_predefined_class=&#8220;yes&#8220; predefined_class=&#8220;introduction&#8220;][vc_column offset=&#8220;vc_col-md-5&#8243;][ts_text_box]<\/p>\n<h2 data-pm-slice=\"1 1 []\"><strong>Wo Technologie auf Talent trifft<\/strong><\/h2>\n<p>[\/ts_text_box][\/vc_column][vc_column offset=&#8220;vc_col-md-7&#8243;][ts_text_box]<\/p>\n<h4 data-pm-slice=\"1 1 []\"><strong>Wir bei NeedFolk glauben, dass es bei Technologie nicht nur um Codes und Algorithmen geht, sondern um die Schaffung sinnvoller Verbindungen zwischen Unternehmen, Menschen und der Zukunft.<\/strong><\/h4>\n<p data-pm-slice=\"1 1 []\">Wir haben uns gefragt, <strong>&#8222;Warum sich mit weniger zufrieden geben, wenn die richtige Technologie und das richtige Talent Ihr Unternehmen ver\u00e4ndern k\u00f6nnen?&#8220;<\/strong> Diese Denkweise war die Grundlage f\u00fcr alles, was wir taten. Wir haben die Kluft zwischen <strong>Ambition<\/strong> und <strong>Umsetzung<\/strong> \u00fcberbr\u00fcckt und daf\u00fcr gesorgt, dass sich Unternehmen auf der ganzen Welt nicht nur an das digitale Zeitalter angepasst haben &#8211; sie haben es angef\u00fchrt.<\/p>\n<p>[\/ts_text_box][\/vc_column][\/vc_row][vc_row section_background_color=&#8220;#000000&#8243; use_container=&#8220;yes&#8220; use_predefined_class=&#8220;yes&#8220;][vc_column offset=&#8220;vc_col-md-6&#8243;][ts_awards_box title=&#8220;Unser Auftrag&#8220; details=&#8220;%5B%7B%22list%22%3A%22Beschleunigung%20des%20Wachstums%20durch%20Bereitstellung%20von%20IT-Talenten%20und%20innovativen%20L%C3%B6sungen%2C%20die%20Menschen%20bef%C3%A4higen%2C%3Cstrong%3Egr%C3%B6%C3%9Fere%20Tr%C3%A4ume%20zu%20verwirklichen%2C%20mutig%20zu%20handeln%20und%20nachhaltige%20Erfolge%20zu%20erzielen.%3C%2Fstrong%3E%22%7D%5D&#8220;][\/vc_column][vc_column offset=&#8220;vc_col-md-6&#8243;][ts_awards_box title=&#8220;Unsere Vision&#8220; details=&#8220;%5B%7B%22list%22%3A%22Wir%20stellen%20uns%20eine%20Welt%20vor%2C%20in%20der%20jeder%20Einzelne%20und%20jedes%20Unternehmen%20die%20Werkzeuge%20hat%2C%20um%20seine%20%3Cstrong%3ETr%C3%A4ume%20zu%20verwirklichen.%3C%2Fstrong%3E%20Eine%20Welt%2C%20in%20der%20Technologie%20L%C3%BCcken%20%C3%BCberbr%C3%BCckt%2C%20M%C3%B6glichkeiten%20schafft%20und%20das%20menschliche%20Potenzial%20steigert.%22%7D%5D&#8220;][\/vc_column][\/vc_row][vc_row use_container=&#8220;yes&#8220; conter_content=&#8220;yes&#8220; use_predefined_class=&#8220;yes&#8220; use_predefined_id=&#8220;&#8220; predefined_id=&#8220;&#8220;][vc_column][vc_row_inner content_placement=&#8220;middle&#8220;][vc_column_inner][ts_section_title title=&#8220;UNSER ANSATZ&#8220; tagline=&#8220;Wir beginnen mit dem Warum und verstehen Ihre Herausforderungen und Ziele.&#8220;][\/vc_column_inner][\/vc_row_inner][vc_row_inner][vc_column_inner width=&#8220;1\/4&#8243;][ts_feature title=&#8220;ENTDECKUNG&#8220; feature_content=&#8220;<\/p>\n<ul>\n<li>Understanding your business goals and dreams.<\/li>\n<\/ul>\n<p>&#8220; icon=&#8220;2484&#8243;][\/vc_column_inner][vc_column_inner width=&#8220;1\/4&#8243;][ts_feature title=&#8220;STRATEGIEREN&#8220; feature_content=&#8220;<\/p>\n<ul>\n<li>Wir planen eine langfristige Strategie, die auf die Unternehmensziele abgestimmt ist.<\/li>\n<\/ul>\n<p>&#8220; icon=&#8220;2479&#8243;][\/vc_column_inner][vc_column_inner width=&#8220;1\/4&#8243;][ts_feature title=&#8220;LIEFERN&#8220; feature_content=&#8220;<\/p>\n<ul>\n<li>Bereitstellung von L\u00f6sungen, die Probleme l\u00f6sen und Tr\u00e4ume inspirieren.<\/li>\n<\/ul>\n<p>&#8220; icon=&#8220;2485&#8243;][\/vc_column_inner][vc_column_inner width=&#8220;1\/4&#8243;][ts_feature feature_content=&#8220;<\/p>\n<ul>\n<li>Unterst\u00fctzung von Unternehmen und Talenten f\u00fcr langfristigen Erfolg.<\/li>\n<\/ul>\n<p>&#8220; title=&#8220;WACHSTUMSPARTNERSCHAFT&#8220; icon=&#8220;2487&#8243;][\/vc_column_inner][\/vc_row_inner][\/vc_column][\/vc_row][vc_row motts_theme_padding=&#8220;no&#8220; use_predefined_class=&#8220;yes&#8220; predefined_class=&#8220;image-content&#8220; section_background_image=&#8220;2452&#8243;][vc_column offset=&#8220;vc_col-md-5&#8243;][\/vc_column][vc_column offset=&#8220;vc_col-md-7&#8243;][ts_image_with_content animate_block=&#8220;yes&#8220; animation_type=&#8220;fadeInUp&#8220; main_image=&#8220;1797&#8243; button_label=&#8220;KONTAKTIEREN SIE UNS&#8220; button_url=&#8220;https:\/\/needfolk.com\/say-hello\/&#8220; small_image=&#8220;2416&#8243;]<\/p>\n<h6 data-pm-slice=\"1 1 []\"><em>Tr\u00e4umen Sie gro\u00df, handeln Sie mutig und inspirieren Sie den Wandel.<\/em><\/h6>\n<h2>UNSERE WERTE<\/h2>\n<p data-pm-slice=\"1 1 []\">Wir haben einen Traum und glauben, dass jede Leistung mit einer Vision beginnt. Innovation treibt unser Wachstum an, Integrit\u00e4t schafft Vertrauen, und die Menschen, denen wir dienen, werden bef\u00e4higt, sich zu entfalten.<\/p>\n<p>[\/ts_image_with_content][\/vc_column][\/vc_row][vc_row motts_theme_padding=&#8220;no&#8220; use_container=&#8220;yes&#8220; use_predefined_class=&#8220;yes&#8220; css=&#8220;.vc_custom_1747438845709{padding-top: 50px !important;padding-bottom: 50px !important;}&#8220;][vc_column width=&#8220;1\/4&#8243;][ts_client animate=&#8220;yes&#8220; animation_type=&#8220;fadeInUp&#8220; title=&#8220;TMNEVENTS&#8220; logo=&#8220;3936&#8243;][\/vc_column][vc_column width=&#8220;1\/4&#8243;][ts_client animate=&#8220;yes&#8220; animation_type=&#8220;fadeInUp&#8220; title=&#8220;LA PERLE RARE TRAITEUR&#8220; logo=&#8220;2432&#8243;][\/vc_column][vc_column width=&#8220;1\/4&#8243;][ts_client animate=&#8220;yes&#8220; animation_type=&#8220;fadeInUp&#8220; logo=&#8220;2433&#8243; title=&#8220;MYLUGGZ&#8220;][\/vc_column][vc_column width=&#8220;1\/4&#8243;][ts_client animate=&#8220;yes&#8220; animation_type=&#8220;fadeInUp&#8220; title=&#8220;DEMN\u00c4CHST&#8220; logo=&#8220;3931&#8243;][\/vc_column][\/vc_row]<\/p>\n<\/div>","protected":false},"excerpt":{"rendered":"<p>[vc_row use_container=&#8220;yes&#8220; use_predefined_class=&#8220;yes&#8220; predefined_class=&#8220;introduction&#8220;][vc_column offset=&#8220;vc_col-md-5&#8243;][ts_text_box] Wo Technologie auf Talent trifft [\/ts_text_box][\/vc_column][vc_column offset=&#8220;vc_col-md-7&#8243;][ts_text_box] Wir bei NeedFolk glauben, dass es bei Technologie nicht nur um Codes und Algorithmen geht, sondern um die Schaffung sinnvoller Verbindungen zwischen Unternehmen, Menschen und der Zukunft. Wir haben uns gefragt, &#8222;Warum sich mit weniger zufrieden geben, wenn die richtige Technologie und das [&hellip;]<\/p>\n","protected":false},"author":1,"featured_media":4703,"parent":0,"menu_order":0,"comment_status":"closed","ping_status":"closed","template":"page-builder.php","meta":{"om_disable_all_campaigns":false,"_monsterinsights_skip_tracking":false,"_monsterinsights_sitenote_active":false,"_monsterinsights_sitenote_note":"","_monsterinsights_sitenote_category":0,"_uf_show_specific_survey":0,"_uf_disable_surveys":false,"footnotes":""},"class_list":["post-3458","page","type-page","status-publish","has-post-thumbnail","hentry"],"aioseo_notices":[],"acf":[],"_hostinger_reach_plugin_has_subscription_block":false,"_hostinger_reach_plugin_is_elementor":false,"_links":{"self":[{"href":"https:\/\/needfolk.com\/de\/wp-json\/wp\/v2\/pages\/3458","targetHints":{"allow":["GET"]}}],"collection":[{"href":"https:\/\/needfolk.com\/de\/wp-json\/wp\/v2\/pages"}],"about":[{"href":"https:\/\/needfolk.com\/de\/wp-json\/wp\/v2\/types\/page"}],"author":[{"embeddable":true,"href":"https:\/\/needfolk.com\/de\/wp-json\/wp\/v2\/users\/1"}],"replies":[{"embeddable":true,"href":"https:\/\/needfolk.com\/de\/wp-json\/wp\/v2\/comments?post=3458"}],"version-history":[{"count":1,"href":"https:\/\/needfolk.com\/de\/wp-json\/wp\/v2\/pages\/3458\/revisions"}],"predecessor-version":[{"id":4745,"href":"https:\/\/needfolk.com\/de\/wp-json\/wp\/v2\/pages\/3458\/revisions\/4745"}],"wp:featuredmedia":[{"embeddable":true,"href":"https:\/\/needfolk.com\/de\/wp-json\/wp\/v2\/media\/4703"}],"wp:attachment":[{"href":"https:\/\/needfolk.com\/de\/wp-json\/wp\/v2\/media?parent=3458"}],"curies":[{"name":"wp","href":"https:\/\/api.w.org\/{rel}","templated":true}]}}