{"id":3424,"date":"2025-10-01T08:32:24","date_gmt":"2025-10-01T08:32:24","guid":{"rendered":"https:\/\/needfolk.com\/hallo-sagen\/"},"modified":"2025-11-05T19:38:13","modified_gmt":"2025-11-05T19:38:13","slug":"hallo-sagen","status":"publish","type":"page","link":"https:\/\/needfolk.com\/de\/hallo-sagen\/","title":{"rendered":"Hallo sagen"},"content":{"rendered":"<div class=\"wpb-content-wrapper\"><p>[vc_row use_container=&#8220;yes&#8220; use_predefined_class=&#8220;yes&#8220;][vc_column][vc_row_inner][vc_column_inner][ts_section_title title=&#8220;Wir w\u00fcrden uns freuen, von Ihnen zu h\u00f6ren.&#8220; tagline=&#8220;Bauen Sie mit uns an einer Zukunft, in der Tr\u00e4ume gedeihen.&#8220;][\/vc_column_inner][\/vc_row_inner][vc_row_inner][vc_column_inner width=&#8220;1\/2&#8243;][tf_address title=&#8220;Telefon :&#8220;]<a href=\"tel:+32499485784\">+32 499 48 57 84<\/a>[\/tf_address][tf_address title=&#8220;Adresse:&#8220; latitude=&#8220;27.6828312&#8243; longitude=&#8220;85.33308650000001&#8243; description=&#8220;Office&#8220; style=&#8220;&#8222;border: 0;&#8220; tabindex=&#8220;&#8222;0&#8222;&#8220; src=&#8220;%60%60https:\/\/www.google.com\/maps\/embed?pb=!1m18!1m12!1m3!1d1508.630298749526!2d-1.2070643083979602!3d52.58719334779005!2m3!1f0!2f0!3f0!3m2!1i1024!2i768!4f13.1!3m3!1m2!1s0x48775da15e09948f%3A0xf64e6339af427a81!2sMill%20Lane%20Play%20Park!5e0!3m2!1str!2str!4v1609075804621!5m2!1str!2str%60%60&#8243; width=&#8220;&#8222;600&#8222;&#8220; height=&#8220;&#8222;450&#8222;&#8220; frameborder=&#8220;&#8222;0&#8222;&#8220; allowfullscreen=&#8220;allowfullscreen&#8220;]Blauwstraat 17<br \/>\n9551 Ressegem<br \/>\nBelgien[\/tf_address][\/vc_column_inner][vc_column_inner width=&#8220;1\/2&#8243;][tf_address title=&#8220;E-Mail :&#8220;]<a href=\"mailto:contact@needfolk.com\">contact@needfolk.com<\/a>[\/tf_address][\/vc_column_inner][\/vc_row_inner]\n<div class=\"wpcf7 no-js\" id=\"wpcf7-f4765-o1\" lang=\"de-DE\" dir=\"ltr\" data-wpcf7-id=\"4765\">\n<div class=\"screen-reader-response\"><p role=\"status\" aria-live=\"polite\" aria-atomic=\"true\"><\/p> <ul><\/ul><\/div>\n<form action=\"\/de\/wp-json\/wp\/v2\/pages\/3424#wpcf7-f4765-o1\" method=\"post\" class=\"wpcf7-form init\" aria-label=\"Kontaktformular\" novalidate=\"novalidate\" data-status=\"init\">\n<fieldset class=\"hidden-fields-container\"><input type=\"hidden\" name=\"_wpcf7\" value=\"4765\" \/><input type=\"hidden\" name=\"_wpcf7_version\" value=\"6.1.4\" \/><input type=\"hidden\" name=\"_wpcf7_locale\" value=\"de_DE\" \/><input type=\"hidden\" name=\"_wpcf7_unit_tag\" value=\"wpcf7-f4765-o1\" \/><input type=\"hidden\" name=\"_wpcf7_container_post\" value=\"0\" \/><input type=\"hidden\" name=\"_wpcf7_posted_data_hash\" value=\"\" \/><input type=\"hidden\" name=\"_wpcf7_recaptcha_response\" value=\"\" \/>\n<\/fieldset>\n<p><label> Vorname<br \/>\n<span class=\"wpcf7-form-control-wrap\" data-name=\"first-name\"><input size=\"40\" maxlength=\"400\" class=\"wpcf7-form-control wpcf7-text wpcf7-validates-as-required\" autocomplete=\"name\" aria-required=\"true\" aria-invalid=\"false\" value=\"\" type=\"text\" name=\"first-name\" \/><\/span> <\/label>\n<\/p>\n<p><label> Nachname<br \/>\n<span class=\"wpcf7-form-control-wrap\" data-name=\"last-name\"><input size=\"40\" maxlength=\"400\" class=\"wpcf7-form-control wpcf7-text wpcf7-validates-as-required\" autocomplete=\"name\" aria-required=\"true\" aria-invalid=\"false\" value=\"\" type=\"text\" name=\"last-name\" \/><\/span> <\/label>\n<\/p>\n<p><label> Ihre E-Mail<br \/>\n<span class=\"wpcf7-form-control-wrap\" data-name=\"your-email\"><input size=\"40\" maxlength=\"400\" class=\"wpcf7-form-control wpcf7-email wpcf7-validates-as-required wpcf7-text wpcf7-validates-as-email\" autocomplete=\"email\" aria-required=\"true\" aria-invalid=\"false\" value=\"\" type=\"email\" name=\"your-email\" \/><\/span> <\/label>\n<\/p>\n<p><label> Telefon<br \/>\n<span class=\"wpcf7-form-control-wrap\" data-name=\"your-tel\"><input size=\"40\" maxlength=\"400\" class=\"wpcf7-form-control wpcf7-text wpcf7-validates-as-required\" aria-required=\"true\" aria-invalid=\"false\" value=\"\" type=\"text\" name=\"your-tel\" \/><\/span> <\/label>\n<\/p>\n<p><label> Was erstellen Sie?<br \/>\n<span class=\"wpcf7-form-control-wrap\" data-name=\"options\"><span class=\"wpcf7-form-control wpcf7-radio\"><span class=\"wpcf7-list-item first\"><label><input type=\"radio\" name=\"options\" value=\"Website\" \/><span class=\"wpcf7-list-item-label\">Website<\/span><\/label><\/span><span class=\"wpcf7-list-item\"><label><input type=\"radio\" name=\"options\" value=\"Anwendung\" \/><span class=\"wpcf7-list-item-label\">Anwendung<\/span><\/label><\/span><span class=\"wpcf7-list-item last\"><label><input type=\"radio\" name=\"options\" value=\"IT-Personalbeschaffung\" \/><span class=\"wpcf7-list-item-label\">IT-Personalbeschaffung<\/span><\/label><\/span><\/span><\/span> <\/label>\n<\/p>\n<p><label> Ihre Nachricht (optional)<br \/>\n<span class=\"wpcf7-form-control-wrap\" data-name=\"your-message\"><textarea cols=\"40\" rows=\"10\" maxlength=\"2000\" class=\"wpcf7-form-control wpcf7-textarea\" aria-invalid=\"false\" name=\"your-message\"><\/textarea><\/span> <\/label>\n<\/p>\n<p><input class=\"wpcf7-form-control wpcf7-submit has-spinner\" type=\"submit\" value=\"Einreichen\" \/>\n<\/p><div class=\"wpcf7-response-output\" aria-hidden=\"true\"><\/div>\n<\/form>\n<\/div>\n[\/vc_column][\/vc_row]<\/p>\n<\/div>","protected":false},"excerpt":{"rendered":"<p>[vc_row use_container=&#8220;yes&#8220; use_predefined_class=&#8220;yes&#8220;][vc_column][vc_row_inner][vc_column_inner][ts_section_title title=&#8220;Wir w\u00fcrden uns freuen, von Ihnen zu h\u00f6ren.&#8220; tagline=&#8220;Bauen Sie mit uns an einer Zukunft, in der Tr\u00e4ume gedeihen.&#8220;][\/vc_column_inner][\/vc_row_inner][vc_row_inner][vc_column_inner width=&#8220;1\/2&#8243;][tf_address title=&#8220;Telefon :&#8220;]+32 499 48 57 84[\/tf_address][tf_address title=&#8220;Adresse:&#8220; latitude=&#8220;27.6828312&#8243; longitude=&#8220;85.33308650000001&#8243; description=&#8220;Office&#8220; style=&#8220;&#8222;border: 0;&#8220; tabindex=&#8220;&#8222;0&#8222;&#8220; src=&#8220;%60%60https:\/\/www.google.com\/maps\/embed?pb=!1m18!1m12!1m3!1d1508.630298749526!2d-1.2070643083979602!3d52.58719334779005!2m3!1f0!2f0!3f0!3m2!1i1024!2i768!4f13.1!3m3!1m2!1s0x48775da15e09948f%3A0xf64e6339af427a81!2sMill%20Lane%20Play%20Park!5e0!3m2!1str!2str!4v1609075804621!5m2!1str!2str%60%60&#8243; width=&#8220;&#8222;600&#8222;&#8220; height=&#8220;&#8222;450&#8222;&#8220; frameborder=&#8220;&#8222;0&#8222;&#8220; allowfullscreen=&#8220;allowfullscreen&#8220;]Blauwstraat 17 9551 Ressegem Belgien[\/tf_address][\/vc_column_inner][vc_column_inner width=&#8220;1\/2&#8243;][tf_address title=&#8220;E-Mail :&#8220;]contact@needfolk.com[\/tf_address][\/vc_column_inner][\/vc_row_inner][\/vc_column][\/vc_row]<\/p>\n","protected":false},"author":1,"featured_media":4666,"parent":0,"menu_order":0,"comment_status":"closed","ping_status":"closed","template":"page-builder.php","meta":{"om_disable_all_campaigns":false,"_monsterinsights_skip_tracking":false,"_monsterinsights_sitenote_active":false,"_monsterinsights_sitenote_note":"","_monsterinsights_sitenote_category":0,"_uf_show_specific_survey":0,"_uf_disable_surveys":false,"footnotes":""},"class_list":["post-3424","page","type-page","status-publish","has-post-thumbnail","hentry"],"aioseo_notices":[],"acf":[],"_hostinger_reach_plugin_has_subscription_block":false,"_hostinger_reach_plugin_is_elementor":false,"_links":{"self":[{"href":"https:\/\/needfolk.com\/de\/wp-json\/wp\/v2\/pages\/3424","targetHints":{"allow":["GET"]}}],"collection":[{"href":"https:\/\/needfolk.com\/de\/wp-json\/wp\/v2\/pages"}],"about":[{"href":"https:\/\/needfolk.com\/de\/wp-json\/wp\/v2\/types\/page"}],"author":[{"embeddable":true,"href":"https:\/\/needfolk.com\/de\/wp-json\/wp\/v2\/users\/1"}],"replies":[{"embeddable":true,"href":"https:\/\/needfolk.com\/de\/wp-json\/wp\/v2\/comments?post=3424"}],"version-history":[{"count":2,"href":"https:\/\/needfolk.com\/de\/wp-json\/wp\/v2\/pages\/3424\/revisions"}],"predecessor-version":[{"id":4770,"href":"https:\/\/needfolk.com\/de\/wp-json\/wp\/v2\/pages\/3424\/revisions\/4770"}],"wp:featuredmedia":[{"embeddable":true,"href":"https:\/\/needfolk.com\/de\/wp-json\/wp\/v2\/media\/4666"}],"wp:attachment":[{"href":"https:\/\/needfolk.com\/de\/wp-json\/wp\/v2\/media?parent=3424"}],"curies":[{"name":"wp","href":"https:\/\/api.w.org\/{rel}","templated":true}]}}